{"id":24,"date":"2024-04-03T01:22:47","date_gmt":"2024-04-02T22:22:47","guid":{"rendered":"https:\/\/sparkspheretech.net\/?page_id=24"},"modified":"2024-04-16T15:09:20","modified_gmt":"2024-04-16T12:09:20","slug":"cookie-policy","status":"publish","type":"page","link":"https:\/\/sparkspheretech.net\/de\/cookie-policy\/","title":{"rendered":"Cookie-Richtlinie"},"content":{"rendered":"<h2 class=\"wp-block-heading\">Einf\u00fchrung<\/h2>\n\n\n\n<p>Willkommen bei SparkSphere LTD. Unsere Cookie-Richtlinie erkl\u00e4rt, wie Cookies und \u00e4hnliche Technologien auf unserer Website verwendet werden (<a href=\"https:\/\/sparkspheretech.net\/de\/\">https:\/\/sparkspheretech.net<\/a>), um Ihr Surferlebnis zu verbessern. Durch die weitere Nutzung unserer Website erkl\u00e4ren Sie sich mit der Verwendung von Cookies wie hier beschrieben einverstanden. Wenn Sie mit der Verwendung von Cookies nicht einverstanden sind, k\u00f6nnen Sie Ihre Browsereinstellungen entsprechend anpassen oder auf die Nutzung der SparkSphere-Website verzichten.<\/p>\n\n\n\n<h2 class=\"wp-block-heading\">Was sind Cookies?<\/h2>\n\n\n\n<p>Cookies sind kleine Textdateien, die Websites auf Ihrem Ger\u00e4t (z. B. einem Computer, Smartphone oder Tablet) speichern, wenn Sie sie besuchen. Sie dienen verschiedenen Zwecken, unter anderem der Erkennung Ihres Ger\u00e4ts, der Speicherung von Pr\u00e4ferenzen und der Verbesserung der Benutzerfreundlichkeit.<\/p>\n\n\n\n<h2 class=\"wp-block-heading\">Arten von Cookies<\/h2>\n\n\n\n<h3 class=\"wp-block-heading\">Unverzichtbare Cookies<\/h3>\n\n\n\n<p>Wesentliche Cookies sind f\u00fcr das ordnungsgem\u00e4\u00dfe Funktionieren unserer Website unerl\u00e4sslich. Sie erm\u00f6glichen grundlegende Funktionen wie die Seitennavigation und den Zugang zu sicheren Bereichen. Bestimmte von Ihnen angeforderte Dienste, wie der Zugang zu gesch\u00fctzten Bereichen, k\u00f6nnen ohne diese Cookies nicht bereitgestellt werden.<\/p>\n\n\n\n<h3 class=\"wp-block-heading\">Funktionale Cookies<\/h3>\n\n\n\n<p>Funktionale Cookies erm\u00f6glichen es unserer Website, sich an Ihre Auswahl zu erinnern und verbesserte, personalisierte Funktionen anzubieten. Sie k\u00f6nnen die Textgr\u00f6\u00dfe, die Schriftart und andere Elemente an Ihre Pr\u00e4ferenzen anpassen und so Ihr Surferlebnis insgesamt verbessern.<\/p>\n\n\n\n<h3 class=\"wp-block-heading\">Analyse-Cookies<\/h3>\n\n\n\n<p>Analytics-Cookies helfen uns zu verstehen, wie Besucher mit unserer Website interagieren, indem sie Informationen anonym sammeln und melden. Diese Daten erm\u00f6glichen es uns, Trends zu erkennen, die Leistung der Website zu optimieren und die Benutzerfreundlichkeit zu verbessern.<\/p>\n\n\n\n<h3 class=\"wp-block-heading\">Werbung Cookies<\/h3>\n\n\n\n<p>Werbe-Cookies liefern Werbung, die auf Ihre Interessen und Vorlieben zugeschnitten ist. Sie helfen auch dabei, die H\u00e4ufigkeit der Ihnen angezeigten Werbung zu begrenzen und die Wirksamkeit von Werbekampagnen zu messen. Werbenetzwerke platzieren diese Cookies in der Regel mit der Zustimmung des Website-Betreibers.<\/p>\n\n\n\n<h3 class=\"wp-block-heading\">Cookies f\u00fcr soziale Medien<\/h3>\n\n\n\n<p>Social-Media-Cookies werden von Social-Media-Diensten gesetzt, die in unsere Website integriert sind und es Ihnen erm\u00f6glichen, unsere Inhalte mit Ihren Netzwerken zu teilen. Diese Cookies k\u00f6nnen Ihre Browseraktivit\u00e4ten auf anderen Websites nachverfolgen, um ein Profil Ihrer Interessen zu erstellen und die Inhalte, die Sie sehen, zu personalisieren.<\/p>\n\n\n\n<h3 class=\"wp-block-heading\">Sitzungs-Cookies<\/h3>\n\n\n\n<p>Sitzungscookies sind tempor\u00e4r und k\u00f6nnen nach dem Surfen von Ihrem Ger\u00e4t gel\u00f6scht werden. Sie sind f\u00fcr den effizienten Betrieb unserer Website und die Aufrechterhaltung der Sicherheit w\u00e4hrend Ihres Besuchs unerl\u00e4sslich.<\/p>\n\n\n\n<h3 class=\"wp-block-heading\">Dauerhafte Cookies<\/h3>\n\n\n\n<p>Dauerhafte Cookies verbleiben f\u00fcr eine bestimmte Dauer auf Ihrem Ger\u00e4t und werden jedes Mal reaktiviert, wenn Sie die Website besuchen, von der sie stammen. Sie dienen verschiedenen Zwecken, z. B. der Erinnerung an Ihre Anmeldedaten oder Pr\u00e4ferenzen.<\/p>\n\n\n\n<p>Bitte beachten Sie, dass das Blockieren bestimmter Cookies Ihre Erfahrung auf unserer Website beeintr\u00e4chtigen kann. Sie k\u00f6nnen Ihre Cookie-Pr\u00e4ferenzen \u00fcber Ihre Browser-Einstellungen verwalten.<\/p>\n\n\n\n<h2 class=\"wp-block-heading\">Do Not Track (DNT)-Signale<\/h2>\n\n\n\n<p>\"Do Not Track\" ist eine Browserfunktion, die es den Nutzern erm\u00f6glicht, das Tracking von Websites, einschlie\u00dflich Analysen und Werbung, zu unterbinden. DNT ist eine Nutzerpr\u00e4ferenz, deren Wirksamkeit von den Reaktionen der Website abh\u00e4ngt.<\/p>\n\n\n\n<h2 class=\"wp-block-heading\">Reaktion auf DNT-Signale<\/h2>\n\n\n\n<p>SparkSphere respektiert DNT-Signale und schr\u00e4nkt die Datenerfassung entsprechend ein. Wenn wir ein DNT-Signal von Ihrem Browser erkennen, passen wir unsere Datenerfassungspraktiken wie in unserer Datenschutzrichtlinie beschrieben an. Bitte beachten Sie jedoch, dass die Aktivierung von DNT die Funktionalit\u00e4t und Personalisierung einiger Teile unserer Website beeintr\u00e4chtigen kann.<\/p>\n\n\n\n<p>Es ist wichtig, die Richtlinien der einzelnen Websites und Dienste hinsichtlich ihrer Reaktion auf DNT-Signale zu \u00fcberpr\u00fcfen, da Dienste von Drittanbietern unterschiedliche Richtlinien haben k\u00f6nnen.<\/p>\n\n\n\n<h2 class=\"wp-block-heading\">Wie wir Cookies verwenden<\/h2>\n\n\n\n<p>SparkSphere verwendet Cookies f\u00fcr verschiedene Zwecke:<\/p>\n\n\n\n<ul class=\"wp-block-list\">\n<li><strong>Unverzichtbare Cookies<\/strong><\/li>\n<\/ul>\n\n\n\n<p>Unverzichtbare Cookies erleichtern das korrekte Funktionieren unserer Website und erm\u00f6glichen grundlegende Funktionen wie die Seitennavigation und die Eingabe von Formularen.<\/p>\n\n\n\n<ul class=\"wp-block-list\">\n<li><strong>Analytische\/Leistungs-Cookies<\/strong><\/li>\n<\/ul>\n\n\n\n<p>Analytische Cookies helfen uns zu verstehen, wie Besucher mit unserer Website interagieren, indem sie Daten \u00fcber besuchte Seiten und Fehlermeldungen sammeln. Diese Informationen erm\u00f6glichen es uns, verbesserungsw\u00fcrdige Bereiche zu identifizieren und die Benutzerfreundlichkeit zu erh\u00f6hen.<\/p>\n\n\n\n<ul class=\"wp-block-list\">\n<li><strong>Funktionalit\u00e4t Cookies<\/strong><\/li>\n<\/ul>\n\n\n\n<p>Funktions-Cookies speichern Ihre Auswahl (z. B. Spracheinstellungen) und bieten erweiterte, personalisierte Funktionen, um Ihr Surferlebnis zu verbessern.<\/p>\n\n\n\n<ul class=\"wp-block-list\">\n<li><strong>Targeting\/Werbung Cookies<\/strong><\/li>\n<\/ul>\n\n\n\n<p>Targeting-Cookies liefern Werbung, die Ihren Interessen entspricht, und messen die Wirksamkeit von Werbekampagnen. Diese Cookies k\u00f6nnen die Anzahl der Anzeigen begrenzen, die Sie sehen, und helfen uns, unsere Marketingma\u00dfnahmen zu optimieren.<\/p>\n\n\n\n<ul class=\"wp-block-list\">\n<li><strong>Cookies von Drittanbietern<\/strong><\/li>\n<\/ul>\n\n\n\n<p>SparkSphere kann Dienste von Drittanbietern nutzen, wie z. B. Google Analytics und Social Media-Plattformen, die Cookies verwenden k\u00f6nnen. Weitere Informationen \u00fcber die Verwendung von Cookies und den Umgang mit Ihren Daten finden Sie in den Datenschutzrichtlinien dieser Anbieter.<\/p>\n\n\n\n<h2 class=\"wp-block-heading\">Wie man Cookies verwaltet<\/h2>\n\n\n\n<p>Sie k\u00f6nnen die Cookie-Pr\u00e4ferenzen in den Einstellungen Ihres Browsers verwalten. Die meisten Browser erlauben es Ihnen, Cookies zu blockieren oder zu l\u00f6schen, aber dies kann die Funktionalit\u00e4t der Website beeintr\u00e4chtigen. Anweisungen zur Verwaltung von Cookies finden Sie in der Hilfedokumentation Ihres Browsers.<\/p>\n\n\n\n<h2 class=\"wp-block-heading\">Aktualisierungen dieser Cookie-Richtlinie<\/h2>\n\n\n\n<p>Diese Cookie-Richtlinie kann in regelm\u00e4\u00dfigen Abst\u00e4nden aktualisiert werden, um \u00c4nderungen bei der Verwendung von Cookies zu ber\u00fccksichtigen. Wir empfehlen, diese Richtlinie regelm\u00e4\u00dfig zu lesen, um \u00fcber unsere Praktiken informiert zu bleiben.<\/p>\n\n\n\n<h2 class=\"wp-block-heading\">Kontakt<\/h2>\n\n\n\n<p>Wenn Sie Fragen oder Bedenken bez\u00fcglich unserer Cookie-Richtlinie haben, setzen Sie sich bitte mit uns in Verbindung:<\/p>\n\n\n\n<ul class=\"wp-block-list\">\n<li>Per E-Mail an <a href=\"mailto:info@sparkspheretech.net\">info@sparkspheretech.net<\/a>;<\/li>\n\n\n\n<li>Telefonisch unter <a href=\"tel: 442045772984\">+442045772984<\/a>;<\/li>\n\n\n\n<li>Oder \u00fcber das Kontaktformular auf der Website: <a href=\"https:\/\/sparkspheretech.net\/de\/contact\/\">https:\/\/sparkspheretech.net\/contact\/<\/a>.<\/li>\n<\/ul>","protected":false},"excerpt":{"rendered":"<p>Einf\u00fchrung Willkommen bei SparkSphere LTD. Unsere Cookie-Richtlinie erkl\u00e4rt, wie Cookies und \u00e4hnliche Technologien auf unserer Website (https:\/\/sparkspheretech.net) verwendet werden, um Ihr Surferlebnis zu verbessern. Durch die weitere Nutzung unserer Website erkl\u00e4ren Sie sich mit der Verwendung von Cookies wie hier beschrieben einverstanden. Wenn Sie mit der Verwendung von Cookies nicht einverstanden sind, k\u00f6nnen Sie Ihre Browsereinstellungen entsprechend anpassen oder [...]<\/p>","protected":false},"author":1,"featured_media":0,"parent":0,"menu_order":0,"comment_status":"closed","ping_status":"closed","template":"template-pages\/policy.php","meta":{"_acf_changed":false,"inline_featured_image":false,"footnotes":""},"class_list":["post-24","page","type-page","status-publish","hentry"],"acf":[],"yoast_head":"<!-- This site is optimized with the Yoast SEO plugin v22.3 - https:\/\/yoast.com\/wordpress\/plugins\/seo\/ -->\n<title>Cookie Policy - sparkspheretech<\/title>\n<meta name=\"robots\" content=\"index, follow, max-snippet:-1, max-image-preview:large, max-video-preview:-1\" \/>\n<link rel=\"canonical\" href=\"https:\/\/sparkspheretech.net\/de\/cookie-policy\/\" \/>\n<meta property=\"og:locale\" content=\"de_DE\" \/>\n<meta property=\"og:type\" content=\"article\" \/>\n<meta property=\"og:title\" content=\"Cookie Policy - sparkspheretech\" \/>\n<meta property=\"og:description\" content=\"Introduction Welcome to SparkSphere LTD. Our Cookie Policy explains how cookies and similar technologies are used on our website (https:\/\/sparkspheretech.net) to enhance your browsing experience. Your continued use of our website signifies your consent to cookies as described herein. If you disagree with our cookie usage, you can adjust your browser settings accordingly or refrain [&hellip;]\" \/>\n<meta property=\"og:url\" content=\"https:\/\/sparkspheretech.net\/de\/cookie-policy\/\" \/>\n<meta property=\"og:site_name\" content=\"sparkspheretech\" \/>\n<meta property=\"article:modified_time\" content=\"2024-04-16T12:09:20+00:00\" \/>\n<meta name=\"twitter:card\" content=\"summary_large_image\" \/>\n<meta name=\"twitter:label1\" content=\"Gesch\u00e4tzte Lesezeit\" \/>\n\t<meta name=\"twitter:data1\" content=\"4\u00a0Minuten\" \/>\n<script type=\"application\/ld+json\" class=\"yoast-schema-graph\">{\"@context\":\"https:\/\/schema.org\",\"@graph\":[{\"@type\":\"WebPage\",\"@id\":\"https:\/\/sparkspheretech.net\/cookie-policy\/\",\"url\":\"https:\/\/sparkspheretech.net\/cookie-policy\/\",\"name\":\"Cookie Policy - sparkspheretech\",\"isPartOf\":{\"@id\":\"https:\/\/sparkspheretech.net\/#website\"},\"datePublished\":\"2024-04-02T22:22:47+00:00\",\"dateModified\":\"2024-04-16T12:09:20+00:00\",\"breadcrumb\":{\"@id\":\"https:\/\/sparkspheretech.net\/cookie-policy\/#breadcrumb\"},\"inLanguage\":\"de\",\"potentialAction\":[{\"@type\":\"ReadAction\",\"target\":[\"https:\/\/sparkspheretech.net\/cookie-policy\/\"]}]},{\"@type\":\"BreadcrumbList\",\"@id\":\"https:\/\/sparkspheretech.net\/cookie-policy\/#breadcrumb\",\"itemListElement\":[{\"@type\":\"ListItem\",\"position\":1,\"name\":\"Home\",\"item\":\"https:\/\/sparkspheretech.net\/\"},{\"@type\":\"ListItem\",\"position\":2,\"name\":\"Cookie Policy\"}]},{\"@type\":\"WebSite\",\"@id\":\"https:\/\/sparkspheretech.net\/#website\",\"url\":\"https:\/\/sparkspheretech.net\/\",\"name\":\"sparkspheretech\",\"description\":\"\",\"publisher\":{\"@id\":\"https:\/\/sparkspheretech.net\/#organization\"},\"potentialAction\":[{\"@type\":\"SearchAction\",\"target\":{\"@type\":\"EntryPoint\",\"urlTemplate\":\"https:\/\/sparkspheretech.net\/?s={search_term_string}\"},\"query-input\":\"required name=search_term_string\"}],\"inLanguage\":\"de\"},{\"@type\":\"Organization\",\"@id\":\"https:\/\/sparkspheretech.net\/#organization\",\"name\":\"sparkspheretech\",\"url\":\"https:\/\/sparkspheretech.net\/\",\"logo\":{\"@type\":\"ImageObject\",\"inLanguage\":\"de\",\"@id\":\"https:\/\/sparkspheretech.net\/#\/schema\/logo\/image\/\",\"url\":\"https:\/\/sparkspheretech.net\/wp-content\/uploads\/2024\/04\/SparkSphere-logoo.svg\",\"contentUrl\":\"https:\/\/sparkspheretech.net\/wp-content\/uploads\/2024\/04\/SparkSphere-logoo.svg\",\"width\":576,\"height\":128,\"caption\":\"sparkspheretech\"},\"image\":{\"@id\":\"https:\/\/sparkspheretech.net\/#\/schema\/logo\/image\/\"}}]}<\/script>\n<!-- \/ Yoast SEO plugin. -->","yoast_head_json":{"title":"Cookie Policy - sparkspheretech","robots":{"index":"index","follow":"follow","max-snippet":"max-snippet:-1","max-image-preview":"max-image-preview:large","max-video-preview":"max-video-preview:-1"},"canonical":"https:\/\/sparkspheretech.net\/de\/cookie-policy\/","og_locale":"de_DE","og_type":"article","og_title":"Cookie Policy - sparkspheretech","og_description":"Introduction Welcome to SparkSphere LTD. Our Cookie Policy explains how cookies and similar technologies are used on our website (https:\/\/sparkspheretech.net) to enhance your browsing experience. Your continued use of our website signifies your consent to cookies as described herein. If you disagree with our cookie usage, you can adjust your browser settings accordingly or refrain [&hellip;]","og_url":"https:\/\/sparkspheretech.net\/de\/cookie-policy\/","og_site_name":"sparkspheretech","article_modified_time":"2024-04-16T12:09:20+00:00","twitter_card":"summary_large_image","twitter_misc":{"Gesch\u00e4tzte Lesezeit":"4\u00a0Minuten"},"schema":{"@context":"https:\/\/schema.org","@graph":[{"@type":"WebPage","@id":"https:\/\/sparkspheretech.net\/cookie-policy\/","url":"https:\/\/sparkspheretech.net\/cookie-policy\/","name":"Cookie Policy - sparkspheretech","isPartOf":{"@id":"https:\/\/sparkspheretech.net\/#website"},"datePublished":"2024-04-02T22:22:47+00:00","dateModified":"2024-04-16T12:09:20+00:00","breadcrumb":{"@id":"https:\/\/sparkspheretech.net\/cookie-policy\/#breadcrumb"},"inLanguage":"de","potentialAction":[{"@type":"ReadAction","target":["https:\/\/sparkspheretech.net\/cookie-policy\/"]}]},{"@type":"BreadcrumbList","@id":"https:\/\/sparkspheretech.net\/cookie-policy\/#breadcrumb","itemListElement":[{"@type":"ListItem","position":1,"name":"Home","item":"https:\/\/sparkspheretech.net\/"},{"@type":"ListItem","position":2,"name":"Cookie Policy"}]},{"@type":"WebSite","@id":"https:\/\/sparkspheretech.net\/#website","url":"https:\/\/sparkspheretech.net\/","name":"sparkspheretech","description":"","publisher":{"@id":"https:\/\/sparkspheretech.net\/#organization"},"potentialAction":[{"@type":"SearchAction","target":{"@type":"EntryPoint","urlTemplate":"https:\/\/sparkspheretech.net\/?s={search_term_string}"},"query-input":"required name=search_term_string"}],"inLanguage":"de"},{"@type":"Organization","@id":"https:\/\/sparkspheretech.net\/#organization","name":"sparkspheretech","url":"https:\/\/sparkspheretech.net\/","logo":{"@type":"ImageObject","inLanguage":"de","@id":"https:\/\/sparkspheretech.net\/#\/schema\/logo\/image\/","url":"https:\/\/sparkspheretech.net\/wp-content\/uploads\/2024\/04\/SparkSphere-logoo.svg","contentUrl":"https:\/\/sparkspheretech.net\/wp-content\/uploads\/2024\/04\/SparkSphere-logoo.svg","width":576,"height":128,"caption":"sparkspheretech"},"image":{"@id":"https:\/\/sparkspheretech.net\/#\/schema\/logo\/image\/"}}]}},"_links":{"self":[{"href":"https:\/\/sparkspheretech.net\/de\/wp-json\/wp\/v2\/pages\/24","targetHints":{"allow":["GET"]}}],"collection":[{"href":"https:\/\/sparkspheretech.net\/de\/wp-json\/wp\/v2\/pages"}],"about":[{"href":"https:\/\/sparkspheretech.net\/de\/wp-json\/wp\/v2\/types\/page"}],"author":[{"embeddable":true,"href":"https:\/\/sparkspheretech.net\/de\/wp-json\/wp\/v2\/users\/1"}],"replies":[{"embeddable":true,"href":"https:\/\/sparkspheretech.net\/de\/wp-json\/wp\/v2\/comments?post=24"}],"version-history":[{"count":3,"href":"https:\/\/sparkspheretech.net\/de\/wp-json\/wp\/v2\/pages\/24\/revisions"}],"predecessor-version":[{"id":203,"href":"https:\/\/sparkspheretech.net\/de\/wp-json\/wp\/v2\/pages\/24\/revisions\/203"}],"wp:attachment":[{"href":"https:\/\/sparkspheretech.net\/de\/wp-json\/wp\/v2\/media?parent=24"}],"curies":[{"name":"wp","href":"https:\/\/api.w.org\/{rel}","templated":true}]}}