{"id":22,"date":"2024-04-03T01:22:38","date_gmt":"2024-04-02T22:22:38","guid":{"rendered":"https:\/\/sparkspheretech.net\/?page_id=22"},"modified":"2024-04-16T14:59:10","modified_gmt":"2024-04-16T11:59:10","slug":"refund-policy","status":"publish","type":"page","link":"https:\/\/sparkspheretech.net\/de\/refund-policy\/","title":{"rendered":"Erstattungspolitik"},"content":{"rendered":"<h2 class=\"wp-block-heading\">Einf\u00fchrung<\/h2>\n\n\n\n<p>Wir sch\u00e4tzen Ihre Entscheidung f\u00fcr SparkSphere bei <a href=\"https:\/\/sparkspheretech.net\/de\/\">https:\/\/sparkspheretech.net<\/a>Die Website wird von SparkSphere LTD mit der eingetragenen Adresse 2nd Floor College House, 17 King Edwards Road, Ruislip, London, Vereinigtes K\u00f6nigreich, HA4 7AE, und der Registrierungsnummer 15284509 betrieben. Wir weisen jedoch darauf hin, dass wir f\u00fcr alle \u00fcber unsere Website erworbenen Dienstleistungen und Produkte eine strikte R\u00fcckerstattungspolitik verfolgen. Sobald eine Transaktion abgeschlossen ist, gilt sie als endg\u00fcltig.<\/p>\n\n\n\n<h2 class=\"wp-block-heading\">Verantwortung f\u00fcr den Kunden<\/h2>\n\n\n\n<p>Die Kunden tragen die volle Verantwortung f\u00fcr ihre Kaufentscheidungen auf unserer Plattform. Wir empfehlen unseren Kunden dringend, alle Informationen und Spezifikationen \u00fcber die Dienstleistungen oder Produkte, die sie kaufen m\u00f6chten, gr\u00fcndlich zu pr\u00fcfen, bevor sie sich entscheiden.<\/p>\n\n\n\n<h2 class=\"wp-block-heading\">Ber\u00fccksichtigung von Erstattungsantr\u00e4gen<\/h2>\n\n\n\n<p>In Ausnahmef\u00e4llen k\u00f6nnen wir Erstattungsantr\u00e4ge akzeptieren. Diese Umst\u00e4nde k\u00f6nnen sein:<\/p>\n\n\n\n<ul class=\"wp-block-list\">\n<li><strong>Irrt\u00fcmliche Zahlungen:<\/strong> F\u00e4lle, in denen zuf\u00e4llige oder doppelte Zahlungen erfolgen.<\/li>\n\n\n\n<li><strong>Falscher Zahlungsbetrag:<\/strong> F\u00e4lle, in denen Kunden aufgrund von technischen Fehlern oder Schreibfehlern unsererseits ein falscher Betrag in Rechnung gestellt wird.<\/li>\n\n\n\n<li><strong>Zahlung unter Verwendung falscher Angaben:<\/strong> F\u00e4lle, in denen der Nachweis erbracht wird, dass eine Zahlung unter Verwendung falscher Zahlungsdaten erfolgt ist, was zu einer erfolglosen Transaktion gef\u00fchrt hat.<\/li>\n\n\n\n<li><strong>Nichtlieferung einer Dienstleistung oder eines Produkts: <\/strong>F\u00e4lle, in denen die gekaufte Dienstleistung oder das gekaufte Produkt aus von uns zu vertretenden Gr\u00fcnden nicht wie beschrieben geliefert wird.<\/li>\n<\/ul>\n\n\n\n<h2 class=\"wp-block-heading\">Einreichen eines Erstattungsantrags<\/h2>\n\n\n\n<p>Wenn Sie der Meinung sind, dass Ihre Situation unter einen der oben erw\u00e4hnten au\u00dfergew\u00f6hnlichen Umst\u00e4nde f\u00e4llt, k\u00f6nnen Sie einen Antrag auf R\u00fcckerstattung an unser Kundendienstteam unter folgender Adresse stellen <a href=\"mailto:info@sparkspheretech.net\">info@sparkspheretech.net<\/a>. Bitte f\u00fcgen Sie Ihrem Erstattungsantrag die folgenden Angaben bei:<\/p>\n\n\n\n<ul class=\"wp-block-list\">\n<li>Ihr vollst\u00e4ndiger Name<\/li>\n\n\n\n<li>F\u00fcr den Kauf verwendete E-Mail Adresse<\/li>\n\n\n\n<li>Datum des Vorgangs<\/li>\n\n\n\n<li>Transaktions-ID oder Quittung<\/li>\n\n\n\n<li>Detaillierte Erl\u00e4uterung des Themas<\/li>\n<\/ul>\n\n\n\n<h2 class=\"wp-block-heading\">\u00dcberpr\u00fcfung und Entscheidung<\/h2>\n\n\n\n<p>Nach Erhalt Ihres Erstattungsantrags wird unser Team die bereitgestellten Informationen gr\u00fcndlich pr\u00fcfen. Wir bem\u00fchen uns, alle Erstattungsantr\u00e4ge innerhalb von 7 Werktagen zu beantworten. Unsere Entscheidung \u00fcber den R\u00fcckerstattungsantrag basiert auf der Stichhaltigkeit der vorgelegten Umst\u00e4nde und unseren Richtlinien.<\/p>\n\n\n\n<h2 class=\"wp-block-heading\">Kontaktinformationen<\/h2>\n\n\n\n<p>Wenn Sie Fragen haben oder weitere Informationen zu unseren R\u00fcckerstattungsrichtlinien ben\u00f6tigen, z\u00f6gern Sie bitte nicht, unser Kundendienstteam zu kontaktieren:<\/p>\n\n\n\n<ul class=\"wp-block-list\">\n<li>Per E-Mail an <a href=\"mailto:info@sparkspheretech.net\">info@sparkspheretech.net<\/a>;<\/li>\n\n\n\n<li>Telefonisch unter <a href=\"tel: 442045772984\">+442045772984<\/a>;<\/li>\n\n\n\n<li>Oder \u00fcber das Kontaktformular auf der Website: <a href=\"https:\/\/sparkspheretech.net\/de\/contact\/\">https:\/\/sparkspheretech.net\/contact\/<\/a>.<\/li>\n<\/ul>\n\n\n\n<p>Bitte beachten Sie, dass diese Erstattungsrichtlinie ohne vorherige Ank\u00fcndigung ge\u00e4ndert werden kann. Wir empfehlen Ihnen, diese Richtlinie regelm\u00e4\u00dfig auf Aktualisierungen zu \u00fcberpr\u00fcfen.<\/p>\n\n\n\n<p>Danke, dass Sie sich f\u00fcr SparkSphere entschieden haben!<\/p>","protected":false},"excerpt":{"rendered":"<p>Einleitung Wir freuen uns, dass Sie sich f\u00fcr SparkSphere unter https:\/\/sparkspheretech.net entschieden haben. SparkSphere LTD ist unter der Adresse 2nd Floor College House, 17 King Edwards Road, Ruislip, London, Vereinigtes K\u00f6nigreich, HA4 7AE, und der Registrierungsnummer 15284509 registriert. Es ist jedoch wichtig zu wissen, dass wir f\u00fcr alle Dienstleistungen und Produkte, die Sie bei uns erwerben, keine R\u00fcckerstattung gew\u00e4hren [...]<\/p>","protected":false},"author":1,"featured_media":0,"parent":0,"menu_order":0,"comment_status":"closed","ping_status":"closed","template":"template-pages\/policy.php","meta":{"_acf_changed":false,"inline_featured_image":false,"footnotes":""},"class_list":["post-22","page","type-page","status-publish","hentry"],"acf":[],"yoast_head":"<!-- This site is optimized with the Yoast SEO plugin v22.3 - https:\/\/yoast.com\/wordpress\/plugins\/seo\/ -->\n<title>Refund Policy - sparkspheretech<\/title>\n<meta name=\"robots\" content=\"index, follow, max-snippet:-1, max-image-preview:large, max-video-preview:-1\" \/>\n<link rel=\"canonical\" href=\"https:\/\/sparkspheretech.net\/de\/refund-policy\/\" \/>\n<meta property=\"og:locale\" content=\"de_DE\" \/>\n<meta property=\"og:type\" content=\"article\" \/>\n<meta property=\"og:title\" content=\"Refund Policy - sparkspheretech\" \/>\n<meta property=\"og:description\" content=\"Introduction We appreciate your decision to choose SparkSphere at https:\/\/sparkspheretech.net, operated by SparkSphere LTD with its registered address at 2nd Floor College House, 17 King Edwards Road, Ruislip, London, United Kingdom, HA4 7AE, and registration number 15284509. However, it\u2019s important to note that we have a strict no-refund policy for all services and products purchased [&hellip;]\" \/>\n<meta property=\"og:url\" content=\"https:\/\/sparkspheretech.net\/de\/refund-policy\/\" \/>\n<meta property=\"og:site_name\" content=\"sparkspheretech\" \/>\n<meta property=\"article:modified_time\" content=\"2024-04-16T11:59:10+00:00\" \/>\n<meta name=\"twitter:card\" content=\"summary_large_image\" \/>\n<meta name=\"twitter:label1\" content=\"Gesch\u00e4tzte Lesezeit\" \/>\n\t<meta name=\"twitter:data1\" content=\"2\u00a0Minuten\" \/>\n<script type=\"application\/ld+json\" class=\"yoast-schema-graph\">{\"@context\":\"https:\/\/schema.org\",\"@graph\":[{\"@type\":\"WebPage\",\"@id\":\"https:\/\/sparkspheretech.net\/refund-policy\/\",\"url\":\"https:\/\/sparkspheretech.net\/refund-policy\/\",\"name\":\"Refund Policy - sparkspheretech\",\"isPartOf\":{\"@id\":\"https:\/\/sparkspheretech.net\/#website\"},\"datePublished\":\"2024-04-02T22:22:38+00:00\",\"dateModified\":\"2024-04-16T11:59:10+00:00\",\"breadcrumb\":{\"@id\":\"https:\/\/sparkspheretech.net\/refund-policy\/#breadcrumb\"},\"inLanguage\":\"de\",\"potentialAction\":[{\"@type\":\"ReadAction\",\"target\":[\"https:\/\/sparkspheretech.net\/refund-policy\/\"]}]},{\"@type\":\"BreadcrumbList\",\"@id\":\"https:\/\/sparkspheretech.net\/refund-policy\/#breadcrumb\",\"itemListElement\":[{\"@type\":\"ListItem\",\"position\":1,\"name\":\"Home\",\"item\":\"https:\/\/sparkspheretech.net\/\"},{\"@type\":\"ListItem\",\"position\":2,\"name\":\"Refund Policy\"}]},{\"@type\":\"WebSite\",\"@id\":\"https:\/\/sparkspheretech.net\/#website\",\"url\":\"https:\/\/sparkspheretech.net\/\",\"name\":\"sparkspheretech\",\"description\":\"\",\"publisher\":{\"@id\":\"https:\/\/sparkspheretech.net\/#organization\"},\"potentialAction\":[{\"@type\":\"SearchAction\",\"target\":{\"@type\":\"EntryPoint\",\"urlTemplate\":\"https:\/\/sparkspheretech.net\/?s={search_term_string}\"},\"query-input\":\"required name=search_term_string\"}],\"inLanguage\":\"de\"},{\"@type\":\"Organization\",\"@id\":\"https:\/\/sparkspheretech.net\/#organization\",\"name\":\"sparkspheretech\",\"url\":\"https:\/\/sparkspheretech.net\/\",\"logo\":{\"@type\":\"ImageObject\",\"inLanguage\":\"de\",\"@id\":\"https:\/\/sparkspheretech.net\/#\/schema\/logo\/image\/\",\"url\":\"https:\/\/sparkspheretech.net\/wp-content\/uploads\/2024\/04\/SparkSphere-logoo.svg\",\"contentUrl\":\"https:\/\/sparkspheretech.net\/wp-content\/uploads\/2024\/04\/SparkSphere-logoo.svg\",\"width\":576,\"height\":128,\"caption\":\"sparkspheretech\"},\"image\":{\"@id\":\"https:\/\/sparkspheretech.net\/#\/schema\/logo\/image\/\"}}]}<\/script>\n<!-- \/ Yoast SEO plugin. -->","yoast_head_json":{"title":"Refund Policy - sparkspheretech","robots":{"index":"index","follow":"follow","max-snippet":"max-snippet:-1","max-image-preview":"max-image-preview:large","max-video-preview":"max-video-preview:-1"},"canonical":"https:\/\/sparkspheretech.net\/de\/refund-policy\/","og_locale":"de_DE","og_type":"article","og_title":"Refund Policy - sparkspheretech","og_description":"Introduction We appreciate your decision to choose SparkSphere at https:\/\/sparkspheretech.net, operated by SparkSphere LTD with its registered address at 2nd Floor College House, 17 King Edwards Road, Ruislip, London, United Kingdom, HA4 7AE, and registration number 15284509. However, it\u2019s important to note that we have a strict no-refund policy for all services and products purchased [&hellip;]","og_url":"https:\/\/sparkspheretech.net\/de\/refund-policy\/","og_site_name":"sparkspheretech","article_modified_time":"2024-04-16T11:59:10+00:00","twitter_card":"summary_large_image","twitter_misc":{"Gesch\u00e4tzte Lesezeit":"2\u00a0Minuten"},"schema":{"@context":"https:\/\/schema.org","@graph":[{"@type":"WebPage","@id":"https:\/\/sparkspheretech.net\/refund-policy\/","url":"https:\/\/sparkspheretech.net\/refund-policy\/","name":"Refund Policy - sparkspheretech","isPartOf":{"@id":"https:\/\/sparkspheretech.net\/#website"},"datePublished":"2024-04-02T22:22:38+00:00","dateModified":"2024-04-16T11:59:10+00:00","breadcrumb":{"@id":"https:\/\/sparkspheretech.net\/refund-policy\/#breadcrumb"},"inLanguage":"de","potentialAction":[{"@type":"ReadAction","target":["https:\/\/sparkspheretech.net\/refund-policy\/"]}]},{"@type":"BreadcrumbList","@id":"https:\/\/sparkspheretech.net\/refund-policy\/#breadcrumb","itemListElement":[{"@type":"ListItem","position":1,"name":"Home","item":"https:\/\/sparkspheretech.net\/"},{"@type":"ListItem","position":2,"name":"Refund Policy"}]},{"@type":"WebSite","@id":"https:\/\/sparkspheretech.net\/#website","url":"https:\/\/sparkspheretech.net\/","name":"sparkspheretech","description":"","publisher":{"@id":"https:\/\/sparkspheretech.net\/#organization"},"potentialAction":[{"@type":"SearchAction","target":{"@type":"EntryPoint","urlTemplate":"https:\/\/sparkspheretech.net\/?s={search_term_string}"},"query-input":"required name=search_term_string"}],"inLanguage":"de"},{"@type":"Organization","@id":"https:\/\/sparkspheretech.net\/#organization","name":"sparkspheretech","url":"https:\/\/sparkspheretech.net\/","logo":{"@type":"ImageObject","inLanguage":"de","@id":"https:\/\/sparkspheretech.net\/#\/schema\/logo\/image\/","url":"https:\/\/sparkspheretech.net\/wp-content\/uploads\/2024\/04\/SparkSphere-logoo.svg","contentUrl":"https:\/\/sparkspheretech.net\/wp-content\/uploads\/2024\/04\/SparkSphere-logoo.svg","width":576,"height":128,"caption":"sparkspheretech"},"image":{"@id":"https:\/\/sparkspheretech.net\/#\/schema\/logo\/image\/"}}]}},"_links":{"self":[{"href":"https:\/\/sparkspheretech.net\/de\/wp-json\/wp\/v2\/pages\/22","targetHints":{"allow":["GET"]}}],"collection":[{"href":"https:\/\/sparkspheretech.net\/de\/wp-json\/wp\/v2\/pages"}],"about":[{"href":"https:\/\/sparkspheretech.net\/de\/wp-json\/wp\/v2\/types\/page"}],"author":[{"embeddable":true,"href":"https:\/\/sparkspheretech.net\/de\/wp-json\/wp\/v2\/users\/1"}],"replies":[{"embeddable":true,"href":"https:\/\/sparkspheretech.net\/de\/wp-json\/wp\/v2\/comments?post=22"}],"version-history":[{"count":3,"href":"https:\/\/sparkspheretech.net\/de\/wp-json\/wp\/v2\/pages\/22\/revisions"}],"predecessor-version":[{"id":201,"href":"https:\/\/sparkspheretech.net\/de\/wp-json\/wp\/v2\/pages\/22\/revisions\/201"}],"wp:attachment":[{"href":"https:\/\/sparkspheretech.net\/de\/wp-json\/wp\/v2\/media?parent=22"}],"curies":[{"name":"wp","href":"https:\/\/api.w.org\/{rel}","templated":true}]}}