{"id":18,"date":"2024-04-16T15:19:18","date_gmt":"2024-04-16T12:19:18","guid":{"rendered":"https:\/\/sparkspheretech.net\/?page_id=18"},"modified":"2024-04-16T15:28:13","modified_gmt":"2024-04-16T12:28:13","slug":"terms-and-conditions","status":"publish","type":"page","link":"https:\/\/sparkspheretech.net\/de\/terms-and-conditions\/","title":{"rendered":"Bedingungen und Konditionen"},"content":{"rendered":"<h2 class=\"wp-block-heading\">Einf\u00fchrung<\/h2>\n\n\n\n<p>Willkommen bei den Allgemeinen Gesch\u00e4ftsbedingungen f\u00fcr die Nutzung der Website, die von SparkSphere LTD mit der eingetragenen Adresse 2nd Floor College House, 17 King Edwards Road, Ruislip, London, Vereinigtes K\u00f6nigreich, HA4 7AE, und der Registrierungsnummer 15284509 betrieben wird. Diese Nutzungsbedingungen (die \"Bedingungen\") umrei\u00dfen die Regeln und Vorschriften f\u00fcr den Zugriff auf und die Nutzung der Website unter der Adresse <a href=\"https:\/\/sparkspheretech.net\/de\/\">https:\/\/sparkspheretech.net<\/a>. Mit dem Zugriff auf die Website und deren Nutzung erkl\u00e4ren Sie sich mit diesen Bedingungen einverstanden. Sie d\u00fcrfen die Website nicht nutzen, wenn Sie mit einem Teil dieser Bedingungen nicht einverstanden sind.<\/p>\n\n\n\n<h2 class=\"wp-block-heading\">Einr\u00e4umung beschr\u00e4nkter Rechte<\/h2>\n\n\n\n<p>Bei Einhaltung dieser Bedingungen gew\u00e4hrt Ihnen die SparkSphere LTD ein pers\u00f6nliches, nicht ausschlie\u00dfliches, nicht \u00fcbertragbares, beschr\u00e4nktes Recht, die Website zu betreten und zu nutzen. Diese Gew\u00e4hrung von Rechten ist an die Bedingung gekn\u00fcpft, dass Sie alle Bestimmungen der vorliegenden Bedingungen einhalten. SparkSphere beh\u00e4lt sich das ausschlie\u00dfliche Recht vor, diese Bedingungen jederzeit und nach eigenem Ermessen zu \u00e4ndern, zu modifizieren, zu erg\u00e4nzen oder Teile davon zu entfernen. Es liegt in Ihrer Verantwortung, diese Bedingungen in regelm\u00e4\u00dfigen Abst\u00e4nden auf \u00c4nderungen zu \u00fcberpr\u00fcfen. Wenn Sie die Website nach einer solchen \u00c4nderung weiterhin nutzen, bedeutet dies, dass Sie die neuen Bedingungen anerkennen und akzeptieren.<\/p>\n\n\n\n<h2 class=\"wp-block-heading\">Vorbehaltene Rechte und \u00c4nderungen<\/h2>\n\n\n\n<p>SparkSphere LTD beh\u00e4lt sich alle Rechte vor, die hier nicht ausdr\u00fccklich gew\u00e4hrt werden. Zus\u00e4tzlich zu diesen Bedingungen unterliegt die Nutzung der SparkSphere-Website zu Informationszwecken den f\u00fcr diese Nutzung geltenden Grunds\u00e4tzen und Richtlinien, die hier durch Verweis aufgenommen werden. SparkSphere beh\u00e4lt sich au\u00dferdem das Recht vor, den Betrieb der Website oder den Zugriff auf die Website oder Teile davon jederzeit und ohne Vorank\u00fcndigung zu \u00e4ndern, auszusetzen oder zu beenden.<\/p>\n\n\n\n<h2 class=\"wp-block-heading\">Eigentum und Nutzung von Inhalten<\/h2>\n\n\n\n<p>Alle Inhalte und Materialien, die auf der Website zur Verf\u00fcgung gestellt werden, einschlie\u00dflich, aber nicht beschr\u00e4nkt auf Informationen, Dokumente, Texte, Dienstleistungen, Logos, Grafiken, Fotos, T\u00f6ne, Bilder, Videos, Marken, Schnittstellen, Musik, Software, Computercode, Benutzeroberfl\u00e4chen, visuelle Schnittstellen und das Design, die Anordnung, die Auswahl, den Ausdruck und das allgemeine \"Erscheinungsbild\" der Website (zusammenfassend als \"Inhalt\" bezeichnet), sind Eigentum der SparkSphere LTD, ihrer verbundenen Unternehmen oder Tochtergesellschaften oder ihrer Drittanbieter oder werden von diesen kontrolliert oder lizenziert. Die unbefugte Nutzung des Inhalts kann gegen Gesetze zum Schutz des geistigen Eigentums und des unlauteren Wettbewerbs versto\u00dfen.<\/p>\n\n\n\n<h2 class=\"wp-block-heading\">Zul\u00e4ssige Verwendung von Materialien<\/h2>\n\n\n\n<p>Sie d\u00fcrfen Informationsmaterial f\u00fcr SparkSphere-Produkte und -Dienstleistungen, das SparkSphere speziell zum Herunterladen von der Website zur Verf\u00fcgung gestellt hat (z. B. Datenbl\u00e4tter, White Papers und \u00e4hnliche Materialien), unter den folgenden Bedingungen verwenden:<\/p>\n\n\n\n<ul class=\"wp-block-list\">\n<li>Sie d\u00fcrfen die Materialien in keiner Weise ver\u00e4ndern;<\/li>\n\n\n\n<li>Sowohl der Urheberrechtsvermerk als auch dieser Genehmigungsvermerk erscheinen in den Materialien;<\/li>\n\n\n\n<li>Die Materialien werden ausschlie\u00dflich f\u00fcr pers\u00f6nliche, nicht kommerzielle und informative Zwecke verwendet.<\/li>\n<\/ul>\n\n\n\n<h2 class=\"wp-block-heading\">Verbotene Aktivit\u00e4ten<\/h2>\n\n\n\n<p>SparkSphere verbietet ausdr\u00fccklich bestimmte Aktivit\u00e4ten, einschlie\u00dflich des unbefugten Zugriffs auf die Website, der Beeintr\u00e4chtigung der Funktionalit\u00e4t oder der Nutzung durch andere, des Versuchs, die Sicherheitsma\u00dfnahmen zu verletzen, der Nutzung automatisierter Verfahren f\u00fcr den Zugriff oder die \u00dcberwachung der Website und der Nutzung der Website f\u00fcr rechtswidrige Zwecke.<\/p>\n\n\n\n<h2 class=\"wp-block-heading\">Versto\u00df gegen die Nutzungsbedingungen<\/h2>\n\n\n\n<p>Durch die Nutzung dieser Website erkl\u00e4ren Sie sich damit einverstanden, dass SparkSphere jederzeit und nach eigenem Ermessen Ihren aktuellen und\/oder zuk\u00fcnftigen Zugang zur Website beenden und sperren kann, wenn SparkSphere feststellt, dass Sie gegen diese Bedingungen oder andere Vereinbarungen oder Richtlinien von SparkSphere versto\u00dfen haben, die mit Ihrer Nutzung der Website verbunden sein k\u00f6nnen.<\/p>\n\n\n\n<p>Dar\u00fcber hinaus erkl\u00e4ren Sie sich damit einverstanden, dass ein Versto\u00df gegen die Nutzungsbedingungen ungesetzliche und unfaire Gesch\u00e4ftspraktiken darstellt und SparkSphere einen nicht wieder gutzumachenden Schaden zuf\u00fcgt, f\u00fcr den eine Entsch\u00e4digung in Geld nicht angemessen w\u00e4re.<\/p>\n\n\n\n<p>Dar\u00fcber hinaus erkl\u00e4ren Sie sich damit einverstanden, dass SparkSphere alle unter den gegebenen Umst\u00e4nden f\u00fcr angemessen oder notwendig erachteten Unterlassungs- oder Billigkeitsma\u00dfnahmen ergreift. Die vorstehenden Rechtsmittel gelten zus\u00e4tzlich zu allen anderen Rechtsmitteln, die SparkSphere nach dem Gesetz oder nach Billigkeit zustehen.<\/p>\n\n\n\n<p>Sie erkl\u00e4ren sich damit einverstanden, dass SparkSphere nach eigenem Ermessen und ohne vorherige Ank\u00fcndigung Ihren Zugang zur Website aus wichtigem Grund k\u00fcndigen kann, wozu auch (aber nicht ausschlie\u00dflich) geh\u00f6rt:<\/p>\n\n\n\n<ol class=\"wp-block-list\">\n<li>Ersuchen von Strafverfolgungsbeh\u00f6rden oder anderen staatlichen Stellen.<\/li>\n\n\n\n<li>Ein Antrag von Ihnen (selbst initiierte Kontol\u00f6schungen).<\/li>\n\n\n\n<li>Einstellung oder wesentliche \u00c4nderung der Website oder einer auf oder \u00fcber die Website angebotenen Dienstleistung.<\/li>\n\n\n\n<li>Unerwartete technische Fragen oder Probleme.<\/li>\n<\/ol>\n\n\n\n<p>Wenn SparkSphere aufgrund eines Versto\u00dfes gegen diese Bedingungen rechtliche Schritte gegen Sie einleitet, ist SparkSphere berechtigt, von Ihnen Schadenersatz zu verlangen, und Sie verpflichten sich, alle angemessenen Anwaltsgeb\u00fchren und Kosten eines solchen Verfahrens zu tragen, zus\u00e4tzlich zu allen anderen Entsch\u00e4digungen, die SparkSphere gew\u00e4hrt werden. Sie erkl\u00e4ren sich damit einverstanden, dass SparkSphere Ihnen oder Dritten gegen\u00fcber nicht f\u00fcr die Beendigung Ihres Zugriffs auf die Website als Folge eines Versto\u00dfes gegen diese Bedingungen haftet.<\/p>\n\n\n\n<h2 class=\"wp-block-heading\">Offenlegung von Informationen<\/h2>\n\n\n\n<p>SparkSphere beh\u00e4lt sich das Recht vor, Informationen \u00fcber Sie offenzulegen, die es f\u00fcr notwendig erachtet, um geltende Gesetze, Vorschriften oder rechtliche Anforderungen zu erf\u00fcllen. Im Falle einer Untersuchung oder Beschwerde bez\u00fcglich Ihrer Nutzung der Website kann SparkSphere Informationen \u00fcber Sie offenlegen. SparkSphere kann auch identifizierende Informationen \u00fcber Sie offenlegen, um jemanden zu kontaktieren, zu identifizieren oder gegen jemanden vorzugehen, der die Rechte von SparkSphere, seinen Kunden oder anderen Nutzern der Website verletzt oder st\u00f6rt.<\/p>\n\n\n\n<h2 class=\"wp-block-heading\">Datenschutz<\/h2>\n\n\n\n<p>Durch die Nutzung der Website erkennen Sie an, dass Online-\u00dcbertragungen niemals vollst\u00e4ndig privat oder sicher sind und dass andere Personen an die Website gesendete Nachrichten und Informationen lesen oder abfangen k\u00f6nnen.<\/p>\n\n\n\n<p>Dar\u00fcber hinaus erkennen Sie an und erkl\u00e4ren sich damit einverstanden, dass SparkSphere jede \u00dcbermittlung oder Kommunikation zwischen Ihnen und SparkSphere \u00fcber die Website oder einen auf oder \u00fcber die Website angebotenen Dienst aufbewahren darf und diese Daten auch offenlegen darf, wenn dies gesetzlich vorgeschrieben ist oder wenn SparkSphere feststellt, dass eine solche Aufbewahrung oder Offenlegung vern\u00fcnftigerweise notwendig ist, um:<\/p>\n\n\n\n<ul class=\"wp-block-list\">\n<li>Befolgen Sie den Rechtsweg.<\/li>\n\n\n\n<li>Durchsetzung dieser Bedingungen.<\/li>\n\n\n\n<li>Reagieren Sie auf Behauptungen, dass solche Daten die Rechte anderer verletzen.<\/li>\n\n\n\n<li>Schutz der Rechte, des Eigentums oder der pers\u00f6nlichen Sicherheit von SparkSphere, seiner Mitarbeiter, der Benutzer oder Besucher der Website und der \u00d6ffentlichkeit.<\/li>\n<\/ul>\n\n\n\n<h2 class=\"wp-block-heading\">Haftungsausschluss<\/h2>\n\n\n\n<p>Sofern nicht ausdr\u00fccklich anders von SparkSphere angegeben, wird der Inhalt der Website ohne M\u00e4ngelgew\u00e4hr bereitgestellt. SparkSphere lehnt alle ausdr\u00fccklichen oder stillschweigenden Zusicherungen, Gew\u00e4hrleistungen, Garantien und Bedingungen in Bezug auf die Qualit\u00e4t, Eignung, Wahrheit, Genauigkeit oder Vollst\u00e4ndigkeit der Inhalte auf der Website ab.<\/p>\n\n\n\n<p>Der obige Haftungsausschluss gilt f\u00fcr alle Sch\u00e4den, Haftungen oder Verletzungen, die durch ein Versagen der Leistung, einen Fehler, eine Auslassung, eine Unterbrechung, eine L\u00f6schung, einen Defekt, eine Verz\u00f6gerung beim Betrieb oder bei der \u00dcbertragung, einen Computervirus, einen Ausfall der Kommunikationsleitung, einen Diebstahl oder einen unbefugten Zugriff auf die Website, eine \u00c4nderung der Website oder eine Nutzung der Website verursacht werden, unabh\u00e4ngig davon, ob es sich um einen Vertragsbruch, eine unerlaubte Handlung, eine Fahrl\u00e4ssigkeit oder einen anderen Klagegrund handelt.<\/p>\n\n\n\n<h2 class=\"wp-block-heading\">Hinweise zum geistigen Eigentum<\/h2>\n\n\n\n<p>Die Website und der Inhalt sind durch das Urheberrecht und andere Gesetze gesch\u00fctzt. Sie d\u00fcrfen weder ganz noch teilweise \u00fcbertragen, reproduziert, wiederverwendet, kopiert oder imitiert werden, es sei denn, SparkSphere hat dies ausdr\u00fccklich erlaubt. Jede unerlaubte Nutzung oder Vervielf\u00e4ltigung der Inhalte der Website kann rechtliche Schritte nach sich ziehen.<\/p>\n\n\n\n<h2 class=\"wp-block-heading\">Akzeptanz der Bedingungen<\/h2>\n\n\n\n<p>Mit der Nutzung der SparkSphere-Website best\u00e4tigen Sie, dass Sie diese Bedingungen verstanden haben und sie einhalten werden. Wenn Sie mit diesen Bedingungen nicht einverstanden sind, sehen Sie bitte von der Nutzung der Website ab. Ihre fortgesetzte Nutzung der Website gilt als Zustimmung zu diesen Bedingungen.<\/p>\n\n\n\n<h2 class=\"wp-block-heading\">\u00c4nderungen<\/h2>\n\n\n\n<p>SparkSphere beh\u00e4lt sich das Recht vor, diese Allgemeinen Gesch\u00e4ftsbedingungen nach eigenem Ermessen zu aktualisieren, zu modifizieren oder zu erg\u00e4nzen. Jegliche \u00c4nderungen werden sofort nach der Ver\u00f6ffentlichung auf der Website wirksam. Es liegt in Ihrer Verantwortung, die Allgemeinen Gesch\u00e4ftsbedingungen regelm\u00e4\u00dfig zu \u00fcberpr\u00fcfen. Wenn Sie die Website nach einer Aktualisierung weiterhin nutzen, erkl\u00e4ren Sie sich mit den ge\u00e4nderten Bedingungen einverstanden.<\/p>\n\n\n\n<h2 class=\"wp-block-heading\">Verkn\u00fcpfungspolitik<\/h2>\n\n\n\n<p>Sie k\u00f6nnen gerne von anderen Websites auf die SparkSphere-Website verlinken, vorausgesetzt, solche Links werden auf faire und legale Weise eingerichtet und schaden nicht dem Ruf von SparkSphere. Sie d\u00fcrfen jedoch keinen Link erstellen, der eine Form der Bef\u00fcrwortung oder Verbindung suggeriert, wo keine besteht. SparkSphere beh\u00e4lt sich das Recht vor, die Genehmigung zur Verlinkung ohne Vorank\u00fcndigung zu widerrufen.<\/p>\n\n\n\n<h2 class=\"wp-block-heading\">Beschr\u00e4nkung der Haftung<\/h2>\n\n\n\n<p>SparkSphere und die mit ihr verbundenen Unternehmen, Mitarbeiter, Vertreter und Partner haften nicht f\u00fcr direkte, indirekte, zuf\u00e4llige, besondere oder Folgesch\u00e4den, die sich aus der Nutzung oder der Unm\u00f6glichkeit der Nutzung der Website ergeben, einschlie\u00dflich, aber nicht beschr\u00e4nkt auf Fehler oder Ungenauigkeiten auf der Website. Diese Haftungsbeschr\u00e4nkung gilt im gr\u00f6\u00dftm\u00f6glichen gesetzlich zul\u00e4ssigen Umfang.<\/p>\n\n\n\n<h2 class=\"wp-block-heading\">Entsch\u00e4digung<\/h2>\n\n\n\n<p>Durch die Nutzung der SparkSphere-Website erkl\u00e4ren Sie sich damit einverstanden, SparkSphere, seine leitenden Angestellten, Mitarbeiter, Vertreter und Partner von jeglichen Anspr\u00fcchen, Sch\u00e4den, Verlusten, Haftungen und Ausgaben, einschlie\u00dflich angemessener Anwaltskosten, freizustellen, die sich aus oder in Verbindung mit Ihrer Nutzung der Website oder Ihrem Versto\u00df gegen diese Nutzungsbedingungen ergeben, zu verteidigen und schadlos zu halten.<\/p>\n\n\n\n<h2 class=\"wp-block-heading\">Streitbeilegung<\/h2>\n\n\n\n<p>F\u00fcr alle Handlungen im Zusammenhang mit diesen Bedingungen gilt das Recht des Vereinigten K\u00f6nigreichs. Es gelten keine Rechtswahlregeln einer anderen Gerichtsbarkeit. Alle Streitigkeiten, die sich aus diesen Bedingungen ergeben oder mit ihnen in Zusammenhang stehen, werden durch Verhandlungen, Schlichtung oder Schiedsverfahren nach den geltenden Gesetzen und Vorschriften des Vereinigten K\u00f6nigreichs beigelegt.<\/p>\n\n\n\n<h2 class=\"wp-block-heading\">Juristische Kontaktinformationen<\/h2>\n\n\n\n<p>Wenn Sie Fragen zu diesen Bedingungen haben oder eine Erlaubnis zur Nutzung von Inhalten w\u00fcnschen, setzen Sie sich bitte mit SparkSphere in Verbindung:<\/p>\n\n\n\n<ul class=\"wp-block-list\">\n<li>Per E-Mail an <a href=\"mailto:info@sparkspheretech.net\">info@sparkspheretech.net<\/a>;<\/li>\n\n\n\n<li>Telefonisch unter <a href=\"tel: 442045772984\">+442045772984<\/a>;<\/li>\n\n\n\n<li>Oder \u00fcber das Kontaktformular auf der Website: <a href=\"https:\/\/sparkspheretech.net\/de\/contact\/\">https:\/\/sparkspheretech.net\/contact\/<\/a>.<\/li>\n<\/ul>","protected":false},"excerpt":{"rendered":"<p>Einleitung Willkommen bei den Allgemeinen Gesch\u00e4ftsbedingungen f\u00fcr die Nutzung der Website der SparkSphere LTD mit Sitz in 2nd Floor College House, 17 King Edwards Road, Ruislip, London, Vereinigtes K\u00f6nigreich, HA4 7AE, und der Registrierungsnummer 15284509. Diese Nutzungsbedingungen (die \"Bedingungen\") umrei\u00dfen die Regeln und Vorschriften f\u00fcr den Zugriff auf und die Nutzung von [...]<\/p>","protected":false},"author":1,"featured_media":0,"parent":0,"menu_order":0,"comment_status":"closed","ping_status":"closed","template":"template-pages\/policy.php","meta":{"_acf_changed":false,"inline_featured_image":false,"footnotes":""},"class_list":["post-18","page","type-page","status-publish","hentry"],"acf":[],"yoast_head":"<!-- This site is optimized with the Yoast SEO plugin v22.3 - https:\/\/yoast.com\/wordpress\/plugins\/seo\/ -->\n<title>Terms and Conditions - sparkspheretech<\/title>\n<meta name=\"robots\" content=\"index, follow, max-snippet:-1, max-image-preview:large, max-video-preview:-1\" \/>\n<link rel=\"canonical\" href=\"https:\/\/sparkspheretech.net\/de\/terms-and-conditions\/\" \/>\n<meta property=\"og:locale\" content=\"de_DE\" \/>\n<meta property=\"og:type\" content=\"article\" \/>\n<meta property=\"og:title\" content=\"Terms and Conditions - sparkspheretech\" \/>\n<meta property=\"og:description\" content=\"Introduction Welcome to the Terms and Conditions governing using the website owned and operated by SparkSphere LTD with its registered address at 2nd Floor College House, 17 King Edwards Road, Ruislip, London, United Kingdom, HA4 7AE, and registration number 15284509. These Terms and Conditions (the \u201cTerms\u201d) outline the rules and regulations for accessing and using [&hellip;]\" \/>\n<meta property=\"og:url\" content=\"https:\/\/sparkspheretech.net\/de\/terms-and-conditions\/\" \/>\n<meta property=\"og:site_name\" content=\"sparkspheretech\" \/>\n<meta property=\"article:modified_time\" content=\"2024-04-16T12:28:13+00:00\" \/>\n<meta name=\"twitter:card\" content=\"summary_large_image\" \/>\n<meta name=\"twitter:label1\" content=\"Gesch\u00e4tzte Lesezeit\" \/>\n\t<meta name=\"twitter:data1\" content=\"7\u00a0Minuten\" \/>\n<script type=\"application\/ld+json\" class=\"yoast-schema-graph\">{\"@context\":\"https:\/\/schema.org\",\"@graph\":[{\"@type\":\"WebPage\",\"@id\":\"https:\/\/sparkspheretech.net\/terms-and-conditions\/\",\"url\":\"https:\/\/sparkspheretech.net\/terms-and-conditions\/\",\"name\":\"Terms and Conditions - sparkspheretech\",\"isPartOf\":{\"@id\":\"https:\/\/sparkspheretech.net\/#website\"},\"datePublished\":\"2024-04-16T12:19:18+00:00\",\"dateModified\":\"2024-04-16T12:28:13+00:00\",\"breadcrumb\":{\"@id\":\"https:\/\/sparkspheretech.net\/terms-and-conditions\/#breadcrumb\"},\"inLanguage\":\"de\",\"potentialAction\":[{\"@type\":\"ReadAction\",\"target\":[\"https:\/\/sparkspheretech.net\/terms-and-conditions\/\"]}]},{\"@type\":\"BreadcrumbList\",\"@id\":\"https:\/\/sparkspheretech.net\/terms-and-conditions\/#breadcrumb\",\"itemListElement\":[{\"@type\":\"ListItem\",\"position\":1,\"name\":\"Home\",\"item\":\"https:\/\/sparkspheretech.net\/\"},{\"@type\":\"ListItem\",\"position\":2,\"name\":\"Terms and Conditions\"}]},{\"@type\":\"WebSite\",\"@id\":\"https:\/\/sparkspheretech.net\/#website\",\"url\":\"https:\/\/sparkspheretech.net\/\",\"name\":\"sparkspheretech\",\"description\":\"\",\"publisher\":{\"@id\":\"https:\/\/sparkspheretech.net\/#organization\"},\"potentialAction\":[{\"@type\":\"SearchAction\",\"target\":{\"@type\":\"EntryPoint\",\"urlTemplate\":\"https:\/\/sparkspheretech.net\/?s={search_term_string}\"},\"query-input\":\"required name=search_term_string\"}],\"inLanguage\":\"de\"},{\"@type\":\"Organization\",\"@id\":\"https:\/\/sparkspheretech.net\/#organization\",\"name\":\"sparkspheretech\",\"url\":\"https:\/\/sparkspheretech.net\/\",\"logo\":{\"@type\":\"ImageObject\",\"inLanguage\":\"de\",\"@id\":\"https:\/\/sparkspheretech.net\/#\/schema\/logo\/image\/\",\"url\":\"https:\/\/sparkspheretech.net\/wp-content\/uploads\/2024\/04\/SparkSphere-logoo.svg\",\"contentUrl\":\"https:\/\/sparkspheretech.net\/wp-content\/uploads\/2024\/04\/SparkSphere-logoo.svg\",\"width\":576,\"height\":128,\"caption\":\"sparkspheretech\"},\"image\":{\"@id\":\"https:\/\/sparkspheretech.net\/#\/schema\/logo\/image\/\"}}]}<\/script>\n<!-- \/ Yoast SEO plugin. -->","yoast_head_json":{"title":"Terms and Conditions - sparkspheretech","robots":{"index":"index","follow":"follow","max-snippet":"max-snippet:-1","max-image-preview":"max-image-preview:large","max-video-preview":"max-video-preview:-1"},"canonical":"https:\/\/sparkspheretech.net\/de\/terms-and-conditions\/","og_locale":"de_DE","og_type":"article","og_title":"Terms and Conditions - sparkspheretech","og_description":"Introduction Welcome to the Terms and Conditions governing using the website owned and operated by SparkSphere LTD with its registered address at 2nd Floor College House, 17 King Edwards Road, Ruislip, London, United Kingdom, HA4 7AE, and registration number 15284509. These Terms and Conditions (the \u201cTerms\u201d) outline the rules and regulations for accessing and using [&hellip;]","og_url":"https:\/\/sparkspheretech.net\/de\/terms-and-conditions\/","og_site_name":"sparkspheretech","article_modified_time":"2024-04-16T12:28:13+00:00","twitter_card":"summary_large_image","twitter_misc":{"Gesch\u00e4tzte Lesezeit":"7\u00a0Minuten"},"schema":{"@context":"https:\/\/schema.org","@graph":[{"@type":"WebPage","@id":"https:\/\/sparkspheretech.net\/terms-and-conditions\/","url":"https:\/\/sparkspheretech.net\/terms-and-conditions\/","name":"Terms and Conditions - sparkspheretech","isPartOf":{"@id":"https:\/\/sparkspheretech.net\/#website"},"datePublished":"2024-04-16T12:19:18+00:00","dateModified":"2024-04-16T12:28:13+00:00","breadcrumb":{"@id":"https:\/\/sparkspheretech.net\/terms-and-conditions\/#breadcrumb"},"inLanguage":"de","potentialAction":[{"@type":"ReadAction","target":["https:\/\/sparkspheretech.net\/terms-and-conditions\/"]}]},{"@type":"BreadcrumbList","@id":"https:\/\/sparkspheretech.net\/terms-and-conditions\/#breadcrumb","itemListElement":[{"@type":"ListItem","position":1,"name":"Home","item":"https:\/\/sparkspheretech.net\/"},{"@type":"ListItem","position":2,"name":"Terms and Conditions"}]},{"@type":"WebSite","@id":"https:\/\/sparkspheretech.net\/#website","url":"https:\/\/sparkspheretech.net\/","name":"sparkspheretech","description":"","publisher":{"@id":"https:\/\/sparkspheretech.net\/#organization"},"potentialAction":[{"@type":"SearchAction","target":{"@type":"EntryPoint","urlTemplate":"https:\/\/sparkspheretech.net\/?s={search_term_string}"},"query-input":"required name=search_term_string"}],"inLanguage":"de"},{"@type":"Organization","@id":"https:\/\/sparkspheretech.net\/#organization","name":"sparkspheretech","url":"https:\/\/sparkspheretech.net\/","logo":{"@type":"ImageObject","inLanguage":"de","@id":"https:\/\/sparkspheretech.net\/#\/schema\/logo\/image\/","url":"https:\/\/sparkspheretech.net\/wp-content\/uploads\/2024\/04\/SparkSphere-logoo.svg","contentUrl":"https:\/\/sparkspheretech.net\/wp-content\/uploads\/2024\/04\/SparkSphere-logoo.svg","width":576,"height":128,"caption":"sparkspheretech"},"image":{"@id":"https:\/\/sparkspheretech.net\/#\/schema\/logo\/image\/"}}]}},"_links":{"self":[{"href":"https:\/\/sparkspheretech.net\/de\/wp-json\/wp\/v2\/pages\/18","targetHints":{"allow":["GET"]}}],"collection":[{"href":"https:\/\/sparkspheretech.net\/de\/wp-json\/wp\/v2\/pages"}],"about":[{"href":"https:\/\/sparkspheretech.net\/de\/wp-json\/wp\/v2\/types\/page"}],"author":[{"embeddable":true,"href":"https:\/\/sparkspheretech.net\/de\/wp-json\/wp\/v2\/users\/1"}],"replies":[{"embeddable":true,"href":"https:\/\/sparkspheretech.net\/de\/wp-json\/wp\/v2\/comments?post=18"}],"version-history":[{"count":5,"href":"https:\/\/sparkspheretech.net\/de\/wp-json\/wp\/v2\/pages\/18\/revisions"}],"predecessor-version":[{"id":210,"href":"https:\/\/sparkspheretech.net\/de\/wp-json\/wp\/v2\/pages\/18\/revisions\/210"}],"wp:attachment":[{"href":"https:\/\/sparkspheretech.net\/de\/wp-json\/wp\/v2\/media?parent=18"}],"curies":[{"name":"wp","href":"https:\/\/api.w.org\/{rel}","templated":true}]}}